{"id":15,"date":"2019-06-30T19:13:01","date_gmt":"2019-06-30T17:13:01","guid":{"rendered":"http:\/\/192.168.178.69\/wordpress\/?page_id=15"},"modified":"2022-10-12T23:03:48","modified_gmt":"2022-10-12T21:03:48","slug":"orchester","status":"publish","type":"page","link":"https:\/\/www.schefflengermusek.lu\/?page_id=15","title":{"rendered":"Orchester"},"content":{"rendered":"\n<p>De groussen Orchester vun der Sch\u00ebfflenger Musek besteet aktuell aus 45 Musikanten an Musikantinnen. S\u00e4it September 2018 steet den Orchester \u00ebnnert der Leedung vum Eric Gherardi.<\/p>\n\n\n\n<p>Den Orchester huet am Joer ronn 50 Aktivit\u00e9iten. Nieft den traditionelle Rendez-vous\u2019en w\u00e9i Cort\u00e8gen, dem H\u00e4mmelsm\u00e4rsch, Prozessiounen a Concerten, hu mir verschidde musikalesch H\u00e9ichpunkten.<\/p>\n\n\n\n<p>Mee net n\u00ebmmen\u00a0ob de\u00a0musikaleschen Aspekt g\u00ebtt\u00a0vill w\u00e4ert geluecht, och de soziale\u00a0Kontakt\u00a0kennt net ze kuerz. Sou ginn\u00a0et nieft eisen\u00a0musikaleschen Aktivit\u00e9iten \u00ebmmer er\u00ebm\u00a0aaner Aktivit\u00e9iten. Sief dat\u00a0den 1. Mee, en Ausfluch (2019 war d&#8217;Sch\u00ebfflenger Musek ob Hamburg), eng sportlech Aktivit\u00e9it oder einfach eppes no der Prouf zesummen dr\u00e9nke goe\u00a0wou een sech austausche\u00a0kann.<\/p>\n","protected":false},"excerpt":{"rendered":"<p>De groussen Orchester vun der Sch\u00ebfflenger Musek besteet aktuell aus 45 Musikanten an Musikantinnen. S\u00e4it September 2018 steet den Orchester \u00ebnnert der Leedung vum Eric Gherardi. Den Orchester huet am Joer ronn 50 Aktivit\u00e9iten. Nieft den traditionelle Rendez-vous\u2019en w\u00e9i Cort\u00e8gen, dem H\u00e4mmelsm\u00e4rsch, Prozessiounen a Concerten, hu mir verschidde musikalesch H\u00e9ichpunkten. Mee net n\u00ebmmen\u00a0ob de\u00a0musikaleschen Aspekt [&hellip;]<\/p>\n","protected":false},"author":1,"featured_media":238,"parent":6,"menu_order":0,"comment_status":"closed","ping_status":"closed","template":"","meta":{"footnotes":""},"class_list":["post-15","page","type-page","status-publish","has-post-thumbnail","hentry","post-preview"],"_links":{"self":[{"href":"https:\/\/www.schefflengermusek.lu\/index.php?rest_route=\/wp\/v2\/pages\/15","targetHints":{"allow":["GET"]}}],"collection":[{"href":"https:\/\/www.schefflengermusek.lu\/index.php?rest_route=\/wp\/v2\/pages"}],"about":[{"href":"https:\/\/www.schefflengermusek.lu\/index.php?rest_route=\/wp\/v2\/types\/page"}],"author":[{"embeddable":true,"href":"https:\/\/www.schefflengermusek.lu\/index.php?rest_route=\/wp\/v2\/users\/1"}],"replies":[{"embeddable":true,"href":"https:\/\/www.schefflengermusek.lu\/index.php?rest_route=%2Fwp%2Fv2%2Fcomments&post=15"}],"version-history":[{"count":3,"href":"https:\/\/www.schefflengermusek.lu\/index.php?rest_route=\/wp\/v2\/pages\/15\/revisions"}],"predecessor-version":[{"id":239,"href":"https:\/\/www.schefflengermusek.lu\/index.php?rest_route=\/wp\/v2\/pages\/15\/revisions\/239"}],"up":[{"embeddable":true,"href":"https:\/\/www.schefflengermusek.lu\/index.php?rest_route=\/wp\/v2\/pages\/6"}],"wp:featuredmedia":[{"embeddable":true,"href":"https:\/\/www.schefflengermusek.lu\/index.php?rest_route=\/wp\/v2\/media\/238"}],"wp:attachment":[{"href":"https:\/\/www.schefflengermusek.lu\/index.php?rest_route=%2Fwp%2Fv2%2Fmedia&parent=15"}],"curies":[{"name":"wp","href":"https:\/\/api.w.org\/{rel}","templated":true}]}}