{"id":17,"date":"2019-06-30T19:21:54","date_gmt":"2019-06-30T17:21:54","guid":{"rendered":"http:\/\/192.168.178.69\/wordpress\/?page_id=17"},"modified":"2025-08-15T00:03:02","modified_gmt":"2025-08-14T22:03:02","slug":"jugendgrupp","status":"publish","type":"page","link":"https:\/\/www.schefflengermusek.lu\/?page_id=17","title":{"rendered":"Jugendgrupp"},"content":{"rendered":"\n<p>Aktuell setzt eise Jugendorchester sech aus ronn 20 jonken Musikanten an Musikantinnen zesummen. An d\u00ebsem Grupp spillen esou wuel Kanner w\u00e9i och Erwuessener zesummen d\u00e9i all er\u00e9ischt s\u00e4it kuerzem hiert Instrument spillen.<\/p>\n\n\n\n<p>\u00cbnnert der Leedung vum Eric Gherardi l\u00e9ieren eis Uf\u00e4nger w\u00e9i en Orchester funktion\u00e9iert. Esou ginn d\u00e9i jonk an hirer musikalescher Entw\u00e9cklung \u00ebnnerst\u00ebtztan drop virbereed Deel vun der Grousser Musek ze gin.<\/p>\n\n\n\n<p>Nieft dem Musikalesche spillt dat Soziaalt awer och eng ganz grouss Roll. Mir verfollegen d&#8217;Ziel datt d\u00e9i Jonk als Ekipp funktion\u00e9ieren, an d\u00ebst net just wann musiz\u00e9iert g\u00ebtt. Dofir g\u00ebtt \u00ebmmer er\u00ebm&nbsp;en Stage an der Allerhellege&nbsp;Vakanz organis\u00e9iert&nbsp;wou eisen Jugendgrupp \u00ebnnert&nbsp;der Begleedung vun Leit aus dem Orchester e puer Deeg zesummen fort fueren fir sech besser kennen ze l\u00e9ieren. Doriwwer eraus ginn d\u00e9i Jonk esou vill w\u00e9i m\u00e9iglech an d&#8217;Aktivit\u00e9ite vum Verrain agebonnen.<\/p>\n","protected":false},"excerpt":{"rendered":"<p>Aktuell setzt eise Jugendorchester sech aus ronn 20 jonken Musikanten an Musikantinnen zesummen. An d\u00ebsem Grupp spillen esou wuel Kanner w\u00e9i och Erwuessener zesummen d\u00e9i all er\u00e9ischt s\u00e4it kuerzem hiert Instrument spillen. \u00cbnnert der Leedung vum Eric Gherardi l\u00e9ieren eis Uf\u00e4nger w\u00e9i en Orchester funktion\u00e9iert. Esou ginn d\u00e9i jonk an hirer musikalescher Entw\u00e9cklung \u00ebnnerst\u00ebtztan drop [&hellip;]<\/p>\n","protected":false},"author":1,"featured_media":236,"parent":6,"menu_order":0,"comment_status":"closed","ping_status":"closed","template":"","meta":{"footnotes":""},"class_list":["post-17","page","type-page","status-publish","has-post-thumbnail","hentry","post-preview"],"_links":{"self":[{"href":"https:\/\/www.schefflengermusek.lu\/index.php?rest_route=\/wp\/v2\/pages\/17","targetHints":{"allow":["GET"]}}],"collection":[{"href":"https:\/\/www.schefflengermusek.lu\/index.php?rest_route=\/wp\/v2\/pages"}],"about":[{"href":"https:\/\/www.schefflengermusek.lu\/index.php?rest_route=\/wp\/v2\/types\/page"}],"author":[{"embeddable":true,"href":"https:\/\/www.schefflengermusek.lu\/index.php?rest_route=\/wp\/v2\/users\/1"}],"replies":[{"embeddable":true,"href":"https:\/\/www.schefflengermusek.lu\/index.php?rest_route=%2Fwp%2Fv2%2Fcomments&post=17"}],"version-history":[{"count":3,"href":"https:\/\/www.schefflengermusek.lu\/index.php?rest_route=\/wp\/v2\/pages\/17\/revisions"}],"predecessor-version":[{"id":235,"href":"https:\/\/www.schefflengermusek.lu\/index.php?rest_route=\/wp\/v2\/pages\/17\/revisions\/235"}],"up":[{"embeddable":true,"href":"https:\/\/www.schefflengermusek.lu\/index.php?rest_route=\/wp\/v2\/pages\/6"}],"wp:featuredmedia":[{"embeddable":true,"href":"https:\/\/www.schefflengermusek.lu\/index.php?rest_route=\/wp\/v2\/media\/236"}],"wp:attachment":[{"href":"https:\/\/www.schefflengermusek.lu\/index.php?rest_route=%2Fwp%2Fv2%2Fmedia&parent=17"}],"curies":[{"name":"wp","href":"https:\/\/api.w.org\/{rel}","templated":true}]}}