{"id":305,"date":"2023-09-13T20:21:19","date_gmt":"2023-09-13T18:21:19","guid":{"rendered":"https:\/\/www.schefflengermusek.lu\/?page_id=305"},"modified":"2023-09-22T11:00:07","modified_gmt":"2023-09-22T09:00:07","slug":"hms-goes-cattolica","status":"publish","type":"page","link":"https:\/\/www.schefflengermusek.lu\/?page_id=305","title":{"rendered":"HMS goes Cattolica"},"content":{"rendered":"\n<p class=\"has-text-align-center\">D\u00b4Sch\u00ebfflenger&nbsp;Musek war vum 28. Mee bis de 4. Juni op Concertsrees zu Cattolica. Et war eng Woch voller Freed, Laachen, Feieren a ganz vill Musek.<\/p>\n\n\n\n<figure class=\"wp-block-image size-large\"><img loading=\"lazy\" decoding=\"async\" width=\"1024\" height=\"767\" src=\"https:\/\/www.schefflengermusek.lu\/wp-content\/uploads\/2023\/09\/HMSCR1-1024x767.jpg\" alt=\"\" class=\"wp-image-339\" srcset=\"https:\/\/www.schefflengermusek.lu\/wp-content\/uploads\/2023\/09\/HMSCR1-1024x767.jpg 1024w, https:\/\/www.schefflengermusek.lu\/wp-content\/uploads\/2023\/09\/HMSCR1-300x225.jpg 300w, https:\/\/www.schefflengermusek.lu\/wp-content\/uploads\/2023\/09\/HMSCR1-768x575.jpg 768w, https:\/\/www.schefflengermusek.lu\/wp-content\/uploads\/2023\/09\/HMSCR1-676x506.jpg 676w, https:\/\/www.schefflengermusek.lu\/wp-content\/uploads\/2023\/09\/HMSCR1.jpg 1080w\" sizes=\"auto, (max-width: 1024px) 100vw, 1024px\" \/><\/figure>\n\n\n\n<p>No de gelongene gemeinsame Reesen op Wien (2016) an Hamburg (2019) stoung schnell fest: eng weider gemeinsam Vakanz muss hir. <\/p>\n\n\n\n<p>E klengen Organisatiounsgrupp vu 5 Leit huet sech desem Wonsch ugeholl, woub\u00e4i d&#8217;Idee entstanen ass Reesen &amp; Musek machen ze verbannen. Eng Concertsrees an Italie war de Projet.<\/p>\n\n\n\n<p>An der P\u00e4ischtvakanz 2023 war et du souw\u00e4it: zu 57 huet d&#8217;Sch\u0113fflenger Musek sech op de Wee op Cattolica gemaach, wou mir eng memorabel an ofwiesslungsr\u00e4ich Woch zesumme verbruecht hunn. <\/p>\n\n\n\n<figure class=\"wp-block-image size-full\"><img loading=\"lazy\" decoding=\"async\" width=\"730\" height=\"520\" src=\"https:\/\/www.schefflengermusek.lu\/wp-content\/uploads\/2023\/09\/HMSCR2.jpg\" alt=\"\" class=\"wp-image-340\" srcset=\"https:\/\/www.schefflengermusek.lu\/wp-content\/uploads\/2023\/09\/HMSCR2.jpg 730w, https:\/\/www.schefflengermusek.lu\/wp-content\/uploads\/2023\/09\/HMSCR2-300x214.jpg 300w, https:\/\/www.schefflengermusek.lu\/wp-content\/uploads\/2023\/09\/HMSCR2-676x482.jpg 676w\" sizes=\"auto, (max-width: 730px) 100vw, 730px\" \/><\/figure>\n\n\n\n<p>Am Vierdergrond vun eiser Rees stoungen 2 Concerten. Am Salone Snaporaz, engem klenge Kino- an Theatersall a Cattolica huet d&#8217;Sch\u0113fflenger Musek hiren \u00e9ischte Concert gespillt, woub\u00e4i bekannte l\u0113tzebuerger an italieenesch Kompositionen sech ofgewiesselt hunn. Ugefaange mat der Massive Ouverture vum Georges Sadler, iwwert den H\u00e4mmelsmarsch Revisited vum Ivan Boumans, bis hin zu Viva Belcanto &#8211; den usprochsvolle Programm huet souwuel de Musikante wei och de Nolauschterer gutt gefall. 2 Deeg mei sp\u00e9it, um italieenesche Nationalfeierdag, stoung e flotte Concert op enger voller Piazza 1 Maggio um Programm. Vill Italiener waren an de Strossen ennerwee fir ze feieren an d\u00e9i gutt Stemmung sou wei d\u00e9i vill Spectateure w\u00e4erten eis Musikanten nach lang an Erennerung bleiwen. Och hei huet d&#8217;Sch\u0113fflenger Musek e flotte Mix aus l\u0113tzebuerger an italieneesche Kompositionen zum Beschte ginn. Um H\u00e9ichpunkt war d&#8217;St\u00ebmmung w\u00e4rend de leschten 2 St\u00e9cker, dem Nel Blu Dipinto du Blu, an der italienescher Nationalhymne, wou op der ganzer Piazzo 1 Maggio haart matgesonge ginn ass. D&#8217;Loscht zesumme Musek ze maache war grouss, sou dass d&#8217;Musikante sech et nieft desen 2 offizielle Rendezvousen net huele gelooss hunn, 2 spontan Streppeconcerten an der Staat ze spillen. Medleys vu Michael Jackson a Bon Jovi, awer och letzebuergesch Klassiker w\u00e9i 2 Bulle Mokka hunn emmer m\u00e9i virw\u00ebtzeg Passanten ugezunn a fir gutt St\u00ebmmung an e gelongenen Owend gesuergt. <\/p>\n\n\n\n<figure class=\"wp-block-image size-full\"><img loading=\"lazy\" decoding=\"async\" width=\"768\" height=\"576\" src=\"https:\/\/www.schefflengermusek.lu\/wp-content\/uploads\/2023\/09\/HMSCR3.jpg\" alt=\"\" class=\"wp-image-341\" srcset=\"https:\/\/www.schefflengermusek.lu\/wp-content\/uploads\/2023\/09\/HMSCR3.jpg 768w, https:\/\/www.schefflengermusek.lu\/wp-content\/uploads\/2023\/09\/HMSCR3-300x225.jpg 300w, https:\/\/www.schefflengermusek.lu\/wp-content\/uploads\/2023\/09\/HMSCR3-676x507.jpg 676w\" sizes=\"auto, (max-width: 768px) 100vw, 768px\" \/><\/figure>\n\n\n\n<p>Nieft dem musikaleschen Deel war och fir vill kulturell Ofwiesslung gesuergt. Zesummen hu mir Ausflich an d&#8217;Republik San Marino, op Rimini an an dat klengt mettelalterlecht Duerf Gradara gemach. Hei war definitiv fir jiddereen eppes derb\u00e4i. Souwuel um musikalesche, wei och um kulturellen a soziale Plang war eis Woch zu Cattolica e vollen Erfolleg a waert eis all nach lang an Erennerung bleiwen.<\/p>\n\n\n\n<figure class=\"wp-block-image size-large\"><img loading=\"lazy\" decoding=\"async\" width=\"1024\" height=\"768\" src=\"https:\/\/www.schefflengermusek.lu\/wp-content\/uploads\/2023\/09\/HMSCR4-1024x768.jpg\" alt=\"\" class=\"wp-image-342\" srcset=\"https:\/\/www.schefflengermusek.lu\/wp-content\/uploads\/2023\/09\/HMSCR4-1024x768.jpg 1024w, https:\/\/www.schefflengermusek.lu\/wp-content\/uploads\/2023\/09\/HMSCR4-300x225.jpg 300w, https:\/\/www.schefflengermusek.lu\/wp-content\/uploads\/2023\/09\/HMSCR4-768x576.jpg 768w, https:\/\/www.schefflengermusek.lu\/wp-content\/uploads\/2023\/09\/HMSCR4-676x507.jpg 676w, https:\/\/www.schefflengermusek.lu\/wp-content\/uploads\/2023\/09\/HMSCR4.jpg 1200w\" sizes=\"auto, (max-width: 1024px) 100vw, 1024px\" \/><\/figure>\n\n\n\n<figure class=\"wp-block-image size-full\"><img loading=\"lazy\" decoding=\"async\" width=\"768\" height=\"576\" src=\"https:\/\/www.schefflengermusek.lu\/wp-content\/uploads\/2023\/09\/HMSCR5.jpg\" alt=\"\" class=\"wp-image-343\" srcset=\"https:\/\/www.schefflengermusek.lu\/wp-content\/uploads\/2023\/09\/HMSCR5.jpg 768w, https:\/\/www.schefflengermusek.lu\/wp-content\/uploads\/2023\/09\/HMSCR5-300x225.jpg 300w, https:\/\/www.schefflengermusek.lu\/wp-content\/uploads\/2023\/09\/HMSCR5-676x507.jpg 676w\" sizes=\"auto, (max-width: 768px) 100vw, 768px\" \/><\/figure>\n\n\n\n<figure class=\"wp-block-image size-large\"><img loading=\"lazy\" decoding=\"async\" width=\"1024\" height=\"767\" src=\"https:\/\/www.schefflengermusek.lu\/wp-content\/uploads\/2023\/09\/HMSCR6-1024x767.jpg\" alt=\"\" class=\"wp-image-344\" srcset=\"https:\/\/www.schefflengermusek.lu\/wp-content\/uploads\/2023\/09\/HMSCR6-1024x767.jpg 1024w, https:\/\/www.schefflengermusek.lu\/wp-content\/uploads\/2023\/09\/HMSCR6-300x225.jpg 300w, https:\/\/www.schefflengermusek.lu\/wp-content\/uploads\/2023\/09\/HMSCR6-768x575.jpg 768w, https:\/\/www.schefflengermusek.lu\/wp-content\/uploads\/2023\/09\/HMSCR6-676x506.jpg 676w, https:\/\/www.schefflengermusek.lu\/wp-content\/uploads\/2023\/09\/HMSCR6.jpg 1080w\" sizes=\"auto, (max-width: 1024px) 100vw, 1024px\" \/><\/figure>\n\n\n\n<figure class=\"wp-block-image size-full\"><img loading=\"lazy\" decoding=\"async\" width=\"694\" height=\"471\" src=\"https:\/\/www.schefflengermusek.lu\/wp-content\/uploads\/2023\/09\/HMSCR7.jpg\" alt=\"\" class=\"wp-image-345\" srcset=\"https:\/\/www.schefflengermusek.lu\/wp-content\/uploads\/2023\/09\/HMSCR7.jpg 694w, https:\/\/www.schefflengermusek.lu\/wp-content\/uploads\/2023\/09\/HMSCR7-300x204.jpg 300w, https:\/\/www.schefflengermusek.lu\/wp-content\/uploads\/2023\/09\/HMSCR7-676x459.jpg 676w\" sizes=\"auto, (max-width: 694px) 100vw, 694px\" \/><\/figure>\n\n\n\n<figure class=\"wp-block-image size-large\"><img loading=\"lazy\" decoding=\"async\" width=\"1024\" height=\"768\" src=\"https:\/\/www.schefflengermusek.lu\/wp-content\/uploads\/2023\/09\/HMSCR8-1024x768.jpg\" alt=\"\" class=\"wp-image-346\" srcset=\"https:\/\/www.schefflengermusek.lu\/wp-content\/uploads\/2023\/09\/HMSCR8-1024x768.jpg 1024w, https:\/\/www.schefflengermusek.lu\/wp-content\/uploads\/2023\/09\/HMSCR8-300x225.jpg 300w, https:\/\/www.schefflengermusek.lu\/wp-content\/uploads\/2023\/09\/HMSCR8-768x576.jpg 768w, https:\/\/www.schefflengermusek.lu\/wp-content\/uploads\/2023\/09\/HMSCR8-676x507.jpg 676w, https:\/\/www.schefflengermusek.lu\/wp-content\/uploads\/2023\/09\/HMSCR8.jpg 1080w\" sizes=\"auto, (max-width: 1024px) 100vw, 1024px\" \/><\/figure>\n","protected":false},"excerpt":{"rendered":"<p>D\u00b4Sch\u00ebfflenger&nbsp;Musek war vum 28. Mee bis de 4. Juni op Concertsrees zu Cattolica. Et war eng Woch voller Freed, Laachen, Feieren a ganz vill Musek. No de gelongene gemeinsame Reesen op Wien (2016) an Hamburg (2019) stoung schnell fest: eng weider gemeinsam Vakanz muss hir. E klengen Organisatiounsgrupp vu 5 Leit huet sech desem Wonsch [&hellip;]<\/p>\n","protected":false},"author":1,"featured_media":0,"parent":0,"menu_order":0,"comment_status":"closed","ping_status":"closed","template":"","meta":{"footnotes":""},"class_list":["post-305","page","type-page","status-publish","hentry","post-preview"],"_links":{"self":[{"href":"https:\/\/www.schefflengermusek.lu\/index.php?rest_route=\/wp\/v2\/pages\/305","targetHints":{"allow":["GET"]}}],"collection":[{"href":"https:\/\/www.schefflengermusek.lu\/index.php?rest_route=\/wp\/v2\/pages"}],"about":[{"href":"https:\/\/www.schefflengermusek.lu\/index.php?rest_route=\/wp\/v2\/types\/page"}],"author":[{"embeddable":true,"href":"https:\/\/www.schefflengermusek.lu\/index.php?rest_route=\/wp\/v2\/users\/1"}],"replies":[{"embeddable":true,"href":"https:\/\/www.schefflengermusek.lu\/index.php?rest_route=%2Fwp%2Fv2%2Fcomments&post=305"}],"version-history":[{"count":7,"href":"https:\/\/www.schefflengermusek.lu\/index.php?rest_route=\/wp\/v2\/pages\/305\/revisions"}],"predecessor-version":[{"id":374,"href":"https:\/\/www.schefflengermusek.lu\/index.php?rest_route=\/wp\/v2\/pages\/305\/revisions\/374"}],"wp:attachment":[{"href":"https:\/\/www.schefflengermusek.lu\/index.php?rest_route=%2Fwp%2Fv2%2Fmedia&parent=305"}],"curies":[{"name":"wp","href":"https:\/\/api.w.org\/{rel}","templated":true}]}}