{"id":314,"date":"2023-09-13T20:31:51","date_gmt":"2023-09-13T18:31:51","guid":{"rendered":"https:\/\/www.schefflengermusek.lu\/?page_id=314"},"modified":"2023-11-30T08:00:00","modified_gmt":"2023-11-30T07:00:00","slug":"jugendmuseksfestival-wetten-dass","status":"publish","type":"page","link":"https:\/\/www.schefflengermusek.lu\/?page_id=314","title":{"rendered":"Wetten dass..?"},"content":{"rendered":"\n<figure class=\"wp-block-image size-large\"><img loading=\"lazy\" decoding=\"async\" width=\"788\" height=\"1024\" src=\"https:\/\/www.schefflengermusek.lu\/wp-content\/uploads\/2023\/10\/WD-788x1024.jpg\" alt=\"\" class=\"wp-image-389\" srcset=\"https:\/\/www.schefflengermusek.lu\/wp-content\/uploads\/2023\/10\/WD-788x1024.jpg 788w, https:\/\/www.schefflengermusek.lu\/wp-content\/uploads\/2023\/10\/WD-231x300.jpg 231w, https:\/\/www.schefflengermusek.lu\/wp-content\/uploads\/2023\/10\/WD-768x998.jpg 768w, https:\/\/www.schefflengermusek.lu\/wp-content\/uploads\/2023\/10\/WD-676x879.jpg 676w, https:\/\/www.schefflengermusek.lu\/wp-content\/uploads\/2023\/10\/WD.jpg 1128w\" sizes=\"auto, (max-width: 788px) 100vw, 788px\" \/><\/figure>\n\n\n\n<p>De 14. Oktober 2023 huet eis \u00e9ischt Editioun vun eisem Jugendmuseksfest \u00ebnnert dem Motto \u201eWetten Dass ..?\u201d stattfonnt. Un d\u00ebsem Event hunn dr\u00e4i Jugendmuseken, dor\u00ebnner de Jugendorchester vun der HMEsch, d\u2019Jongbl\u00e9iser vun der Sch\u00ebtter Musek an natierlech och eis Jugendmusek Sch\u00ebffleng JMS deelgeholl. All Grupp huet sech am Viraus eng spannend Wett ausgeduecht fir g\u00e9int eng vun deenen anere Jugendmuseken unzetrieden, an duerno och prob\u00e9iert d\u00ebs \u00ebmzesetzen an ze gewannen. Ganz nom Motto \u201eTop d\u2019Wett g\u00ebllt\u201c.<\/p>\n\n\n\n<figure class=\"wp-block-image size-large\"><img loading=\"lazy\" decoding=\"async\" width=\"1024\" height=\"682\" src=\"https:\/\/www.schefflengermusek.lu\/wp-content\/uploads\/2023\/10\/PHOTO-2023-10-25-19-09-21-1024x682.jpg\" alt=\"\" class=\"wp-image-395\" srcset=\"https:\/\/www.schefflengermusek.lu\/wp-content\/uploads\/2023\/10\/PHOTO-2023-10-25-19-09-21-1024x682.jpg 1024w, https:\/\/www.schefflengermusek.lu\/wp-content\/uploads\/2023\/10\/PHOTO-2023-10-25-19-09-21-300x200.jpg 300w, https:\/\/www.schefflengermusek.lu\/wp-content\/uploads\/2023\/10\/PHOTO-2023-10-25-19-09-21-768x512.jpg 768w, https:\/\/www.schefflengermusek.lu\/wp-content\/uploads\/2023\/10\/PHOTO-2023-10-25-19-09-21-1536x1023.jpg 1536w, https:\/\/www.schefflengermusek.lu\/wp-content\/uploads\/2023\/10\/PHOTO-2023-10-25-19-09-21-676x450.jpg 676w, https:\/\/www.schefflengermusek.lu\/wp-content\/uploads\/2023\/10\/PHOTO-2023-10-25-19-09-21.jpg 1600w\" sizes=\"auto, (max-width: 1024px) 100vw, 1024px\" \/><\/figure>\n\n\n\n<figure class=\"wp-block-image size-large\"><img loading=\"lazy\" decoding=\"async\" width=\"1024\" height=\"682\" src=\"https:\/\/www.schefflengermusek.lu\/wp-content\/uploads\/2023\/10\/PHOTO-2023-10-25-19-09-18-1024x682.jpg\" alt=\"\" class=\"wp-image-396\" srcset=\"https:\/\/www.schefflengermusek.lu\/wp-content\/uploads\/2023\/10\/PHOTO-2023-10-25-19-09-18-1024x682.jpg 1024w, https:\/\/www.schefflengermusek.lu\/wp-content\/uploads\/2023\/10\/PHOTO-2023-10-25-19-09-18-300x200.jpg 300w, https:\/\/www.schefflengermusek.lu\/wp-content\/uploads\/2023\/10\/PHOTO-2023-10-25-19-09-18-768x512.jpg 768w, https:\/\/www.schefflengermusek.lu\/wp-content\/uploads\/2023\/10\/PHOTO-2023-10-25-19-09-18-1536x1023.jpg 1536w, https:\/\/www.schefflengermusek.lu\/wp-content\/uploads\/2023\/10\/PHOTO-2023-10-25-19-09-18-676x450.jpg 676w, https:\/\/www.schefflengermusek.lu\/wp-content\/uploads\/2023\/10\/PHOTO-2023-10-25-19-09-18.jpg 1600w\" sizes=\"auto, (max-width: 1024px) 100vw, 1024px\" \/><\/figure>\n\n\n\n<p>Donieft hunn all d\u2019Jugendmuseken och nach ee flotten an ofwiesslungsr\u00e4iche Concert gespillt, wou si hiert musikalescht K\u00ebnnen \u00ebnner Beweis gestallt hunn.<br>Dat ganzt gouf vum eisem Pr\u00e4sident, dem Bob Rum\u00e9, senger Interpretatioun vum Thomas Gottschalk moder\u00e9iert a geleet. Donieft huet eis \u201eAll Stars\u201c Showband de ganzen Dag iwwer fir gutt St\u00ebmmung gesuergt.<br>Een Highlight war eis Saalwett. Hei hunn d\u00e9i dr\u00e4i Jugendmuseken missen innerhalb vun 20 Minutten ee St\u00e9ck prepar\u00e9iere fir duerno zesummen opzef\u00e9ieren. Et war richteg flott d\u00e9i ronn 70 jonk Musikanten zesummen ze h\u00e9iere w\u00e9i si hiert St\u00e9ck, wat se grad r\u00e9ischt kuerz gesinn hunn, opf\u00e9ieren.<\/p>\n\n\n\n<figure class=\"wp-block-image size-large\"><img loading=\"lazy\" decoding=\"async\" width=\"1024\" height=\"682\" src=\"https:\/\/www.schefflengermusek.lu\/wp-content\/uploads\/2023\/10\/PHOTO-2023-10-25-19-09-19-1-1024x682.jpg\" alt=\"\" class=\"wp-image-398\" srcset=\"https:\/\/www.schefflengermusek.lu\/wp-content\/uploads\/2023\/10\/PHOTO-2023-10-25-19-09-19-1-1024x682.jpg 1024w, https:\/\/www.schefflengermusek.lu\/wp-content\/uploads\/2023\/10\/PHOTO-2023-10-25-19-09-19-1-300x200.jpg 300w, https:\/\/www.schefflengermusek.lu\/wp-content\/uploads\/2023\/10\/PHOTO-2023-10-25-19-09-19-1-768x512.jpg 768w, https:\/\/www.schefflengermusek.lu\/wp-content\/uploads\/2023\/10\/PHOTO-2023-10-25-19-09-19-1-1536x1023.jpg 1536w, https:\/\/www.schefflengermusek.lu\/wp-content\/uploads\/2023\/10\/PHOTO-2023-10-25-19-09-19-1-676x450.jpg 676w, https:\/\/www.schefflengermusek.lu\/wp-content\/uploads\/2023\/10\/PHOTO-2023-10-25-19-09-19-1.jpg 1600w\" sizes=\"auto, (max-width: 1024px) 100vw, 1024px\" \/><\/figure>\n\n\n\n<figure class=\"wp-block-image size-large\"><img loading=\"lazy\" decoding=\"async\" width=\"682\" height=\"1024\" src=\"https:\/\/www.schefflengermusek.lu\/wp-content\/uploads\/2023\/10\/PHOTO-2023-10-25-19-09-19-682x1024.jpg\" alt=\"\" class=\"wp-image-399\" srcset=\"https:\/\/www.schefflengermusek.lu\/wp-content\/uploads\/2023\/10\/PHOTO-2023-10-25-19-09-19-682x1024.jpg 682w, https:\/\/www.schefflengermusek.lu\/wp-content\/uploads\/2023\/10\/PHOTO-2023-10-25-19-09-19-200x300.jpg 200w, https:\/\/www.schefflengermusek.lu\/wp-content\/uploads\/2023\/10\/PHOTO-2023-10-25-19-09-19-768x1153.jpg 768w, https:\/\/www.schefflengermusek.lu\/wp-content\/uploads\/2023\/10\/PHOTO-2023-10-25-19-09-19-1023x1536.jpg 1023w, https:\/\/www.schefflengermusek.lu\/wp-content\/uploads\/2023\/10\/PHOTO-2023-10-25-19-09-19-676x1015.jpg 676w, https:\/\/www.schefflengermusek.lu\/wp-content\/uploads\/2023\/10\/PHOTO-2023-10-25-19-09-19.jpg 1066w\" sizes=\"auto, (max-width: 682px) 100vw, 682px\" \/><\/figure>\n\n\n\n<figure class=\"wp-block-image size-large\"><img loading=\"lazy\" decoding=\"async\" width=\"1024\" height=\"682\" src=\"https:\/\/www.schefflengermusek.lu\/wp-content\/uploads\/2023\/10\/PHOTO-2023-10-25-19-09-20-1024x682.jpg\" alt=\"\" class=\"wp-image-400\" srcset=\"https:\/\/www.schefflengermusek.lu\/wp-content\/uploads\/2023\/10\/PHOTO-2023-10-25-19-09-20-1024x682.jpg 1024w, https:\/\/www.schefflengermusek.lu\/wp-content\/uploads\/2023\/10\/PHOTO-2023-10-25-19-09-20-300x200.jpg 300w, https:\/\/www.schefflengermusek.lu\/wp-content\/uploads\/2023\/10\/PHOTO-2023-10-25-19-09-20-768x512.jpg 768w, https:\/\/www.schefflengermusek.lu\/wp-content\/uploads\/2023\/10\/PHOTO-2023-10-25-19-09-20-1536x1023.jpg 1536w, https:\/\/www.schefflengermusek.lu\/wp-content\/uploads\/2023\/10\/PHOTO-2023-10-25-19-09-20-676x450.jpg 676w, https:\/\/www.schefflengermusek.lu\/wp-content\/uploads\/2023\/10\/PHOTO-2023-10-25-19-09-20.jpg 1600w\" sizes=\"auto, (max-width: 1024px) 100vw, 1024px\" \/><\/figure>\n\n\n\n<figure class=\"wp-block-image size-large\"><img loading=\"lazy\" decoding=\"async\" width=\"1024\" height=\"682\" src=\"https:\/\/www.schefflengermusek.lu\/wp-content\/uploads\/2023\/10\/thumbnail_PHOTO-2023-10-25-19-09-20-1024x682.jpg\" alt=\"\" class=\"wp-image-401\" srcset=\"https:\/\/www.schefflengermusek.lu\/wp-content\/uploads\/2023\/10\/thumbnail_PHOTO-2023-10-25-19-09-20-1024x682.jpg 1024w, https:\/\/www.schefflengermusek.lu\/wp-content\/uploads\/2023\/10\/thumbnail_PHOTO-2023-10-25-19-09-20-300x200.jpg 300w, https:\/\/www.schefflengermusek.lu\/wp-content\/uploads\/2023\/10\/thumbnail_PHOTO-2023-10-25-19-09-20-768x512.jpg 768w, https:\/\/www.schefflengermusek.lu\/wp-content\/uploads\/2023\/10\/thumbnail_PHOTO-2023-10-25-19-09-20-1536x1023.jpg 1536w, https:\/\/www.schefflengermusek.lu\/wp-content\/uploads\/2023\/10\/thumbnail_PHOTO-2023-10-25-19-09-20-676x450.jpg 676w, https:\/\/www.schefflengermusek.lu\/wp-content\/uploads\/2023\/10\/thumbnail_PHOTO-2023-10-25-19-09-20.jpg 1600w\" sizes=\"auto, (max-width: 1024px) 100vw, 1024px\" \/><\/figure>\n\n\n\n<p>Um Enn vum Dag konnt d\u2019Equipe vun Esch am meeschte Punkte sammelen an sou hunn si och den Haaptpr\u00e4is mat heem geholl, ee Bong fir an de Kloterpark op Diddeleng ze goe mat der ganzer Equipe.<br>Mir free\u00ebn eis drop fir d\u2019n\u00e4chst Joer eng zweet Editioun Enn Oktober 2024 ze organis\u00e9ieren.<\/p>\n\n\n\n<figure class=\"wp-block-image size-large\"><img loading=\"lazy\" decoding=\"async\" width=\"682\" height=\"1024\" src=\"https:\/\/www.schefflengermusek.lu\/wp-content\/uploads\/2023\/10\/PHOTO-2023-10-25-19-09-21-1-682x1024.jpg\" alt=\"\" class=\"wp-image-402\" srcset=\"https:\/\/www.schefflengermusek.lu\/wp-content\/uploads\/2023\/10\/PHOTO-2023-10-25-19-09-21-1-682x1024.jpg 682w, https:\/\/www.schefflengermusek.lu\/wp-content\/uploads\/2023\/10\/PHOTO-2023-10-25-19-09-21-1-200x300.jpg 200w, https:\/\/www.schefflengermusek.lu\/wp-content\/uploads\/2023\/10\/PHOTO-2023-10-25-19-09-21-1-768x1153.jpg 768w, https:\/\/www.schefflengermusek.lu\/wp-content\/uploads\/2023\/10\/PHOTO-2023-10-25-19-09-21-1-1023x1536.jpg 1023w, https:\/\/www.schefflengermusek.lu\/wp-content\/uploads\/2023\/10\/PHOTO-2023-10-25-19-09-21-1-676x1015.jpg 676w, https:\/\/www.schefflengermusek.lu\/wp-content\/uploads\/2023\/10\/PHOTO-2023-10-25-19-09-21-1.jpg 1066w\" sizes=\"auto, (max-width: 682px) 100vw, 682px\" \/><figcaption>Fotoen : Luka Grashoff<\/figcaption><\/figure>\n","protected":false},"excerpt":{"rendered":"<p>De 14. Oktober 2023 huet eis \u00e9ischt Editioun vun eisem Jugendmuseksfest \u00ebnnert dem Motto \u201eWetten Dass ..?\u201d stattfonnt. Un d\u00ebsem Event hunn dr\u00e4i Jugendmuseken, dor\u00ebnner de Jugendorchester vun der HMEsch, d\u2019Jongbl\u00e9iser vun der Sch\u00ebtter Musek an natierlech och eis Jugendmusek Sch\u00ebffleng JMS deelgeholl. All Grupp huet sech am Viraus eng spannend Wett ausgeduecht fir g\u00e9int [&hellip;]<\/p>\n","protected":false},"author":1,"featured_media":0,"parent":0,"menu_order":0,"comment_status":"closed","ping_status":"closed","template":"","meta":{"footnotes":""},"class_list":["post-314","page","type-page","status-publish","hentry","post-preview"],"_links":{"self":[{"href":"https:\/\/www.schefflengermusek.lu\/index.php?rest_route=\/wp\/v2\/pages\/314","targetHints":{"allow":["GET"]}}],"collection":[{"href":"https:\/\/www.schefflengermusek.lu\/index.php?rest_route=\/wp\/v2\/pages"}],"about":[{"href":"https:\/\/www.schefflengermusek.lu\/index.php?rest_route=\/wp\/v2\/types\/page"}],"author":[{"embeddable":true,"href":"https:\/\/www.schefflengermusek.lu\/index.php?rest_route=\/wp\/v2\/users\/1"}],"replies":[{"embeddable":true,"href":"https:\/\/www.schefflengermusek.lu\/index.php?rest_route=%2Fwp%2Fv2%2Fcomments&post=314"}],"version-history":[{"count":9,"href":"https:\/\/www.schefflengermusek.lu\/index.php?rest_route=\/wp\/v2\/pages\/314\/revisions"}],"predecessor-version":[{"id":434,"href":"https:\/\/www.schefflengermusek.lu\/index.php?rest_route=\/wp\/v2\/pages\/314\/revisions\/434"}],"wp:attachment":[{"href":"https:\/\/www.schefflengermusek.lu\/index.php?rest_route=%2Fwp%2Fv2%2Fmedia&parent=314"}],"curies":[{"name":"wp","href":"https:\/\/api.w.org\/{rel}","templated":true}]}}