{"id":319,"date":"2023-09-13T20:34:04","date_gmt":"2023-09-13T18:34:04","guid":{"rendered":"https:\/\/www.schefflengermusek.lu\/?page_id=319"},"modified":"2023-11-30T07:53:55","modified_gmt":"2023-11-30T06:53:55","slug":"this-is-us-dat-si-mar","status":"publish","type":"page","link":"https:\/\/www.schefflengermusek.lu\/?page_id=319","title":{"rendered":"This is us \/ Dat si m\u00e4r"},"content":{"rendered":"\n<figure class=\"wp-block-image size-large\"><img loading=\"lazy\" decoding=\"async\" width=\"1024\" height=\"721\" src=\"https:\/\/www.schefflengermusek.lu\/wp-content\/uploads\/2023\/11\/WC1-1024x721.jpg\" alt=\"\" class=\"wp-image-429\" srcset=\"https:\/\/www.schefflengermusek.lu\/wp-content\/uploads\/2023\/11\/WC1-1024x721.jpg 1024w, https:\/\/www.schefflengermusek.lu\/wp-content\/uploads\/2023\/11\/WC1-300x211.jpg 300w, https:\/\/www.schefflengermusek.lu\/wp-content\/uploads\/2023\/11\/WC1-768x541.jpg 768w, https:\/\/www.schefflengermusek.lu\/wp-content\/uploads\/2023\/11\/WC1-1536x1082.jpg 1536w, https:\/\/www.schefflengermusek.lu\/wp-content\/uploads\/2023\/11\/WC1-676x476.jpg 676w, https:\/\/www.schefflengermusek.lu\/wp-content\/uploads\/2023\/11\/WC1.jpg 1834w\" sizes=\"auto, (max-width: 1024px) 100vw, 1024px\" \/><\/figure>\n\n\n\n<p>Den 9. Dezember steet er\u00ebm den traditionelle Wanterconcert vun der Sch\u00ebfflenger Musek un, an d\u00ebst Joer \u00ebnnert ganz besonnesche Virzeechen &#8211; D\u2019HMS kritt n\u00e4mlech 110 Joer. \ud83c\udf82<\/p>\n\n\n\n<p>Fir d\u00ebst ze feieren hunn eng ganz Rei Musikanten aus eisen eege Reien sech bereet erkl\u00e4ert fir op d\u00ebsem speziellen Owend Solo\u2018en ze spillen. \ud83c\udfbc\ud83c\udfba<\/p>\n\n\n\n<p>Heiraus entstanen ass en immens flotten an ofwiesslungsr\u00e4iche Programm mat villen Iwwerraschungen deen der iech op kee Fall sollt entgoe loossen. \ud83e\udd29<\/p>\n\n\n\n<p>Fir Iessen a Gedr\u00e9nks ass och d\u00ebst Joer er\u00ebm beschtens gesuergt. \ud83e\udd42\ud83c\udf5c<\/p>\n\n\n\n<p class=\"has-text-align-center\"><strong>***<\/strong><\/p>\n\n\n\n<p>Den Entr\u00e9e ass fr\u00e4i, fir s\u00e9cher ze sinn dass dir eng Platz kritt kennt dir awer trotzdeem \u00e4r Platzen am Viraus reserv\u00e9ieren, an zwar iwwert folgend Wee\u00ebr:&nbsp;<\/p>\n\n\n\n<p>&#8211; Iwwert Email: contact@schefflengermusek.lu<\/p>\n\n\n\n<p>&#8211; Iwwert Direktnooriicht op Facebook oder Instagram&nbsp;<\/p>\n\n\n\n<p>&#8211; Iwwert Telefon: 54 44 09 (Message um R\u00e9pondeur hannerloossen)\u00a0<\/p>\n\n\n\n<p class=\"has-text-align-center\"><strong>***<\/strong><\/p>\n\n\n\n<p>Mir free\u00ebn eis d\u00ebsen Gebuertsdag mat iech all ze feieren an e flotte musikaleschen Owend zesummen ze verbr\u00e9ngen. \ud83d\ude01<\/p>\n\n\n\n<figure class=\"wp-block-gallery has-nested-images columns-default is-cropped wp-block-gallery-1 is-layout-flex wp-block-gallery-is-layout-flex\">\n<figure class=\"wp-block-image size-large\"><img loading=\"lazy\" decoding=\"async\" width=\"1024\" height=\"727\" data-id=\"430\" src=\"https:\/\/www.schefflengermusek.lu\/wp-content\/uploads\/2023\/11\/WC2-1024x727.jpg\" alt=\"\" class=\"wp-image-430\" srcset=\"https:\/\/www.schefflengermusek.lu\/wp-content\/uploads\/2023\/11\/WC2-1024x727.jpg 1024w, https:\/\/www.schefflengermusek.lu\/wp-content\/uploads\/2023\/11\/WC2-300x213.jpg 300w, https:\/\/www.schefflengermusek.lu\/wp-content\/uploads\/2023\/11\/WC2-768x545.jpg 768w, https:\/\/www.schefflengermusek.lu\/wp-content\/uploads\/2023\/11\/WC2-676x480.jpg 676w, https:\/\/www.schefflengermusek.lu\/wp-content\/uploads\/2023\/11\/WC2.jpg 1245w\" sizes=\"auto, (max-width: 1024px) 100vw, 1024px\" \/><\/figure>\n<\/figure>\n\n\n\n<p>Mir soen eisen Sponsoren e grousse Merci fir hir \u00cbnnerst\u00ebtzung!<\/p>\n","protected":false},"excerpt":{"rendered":"<p>Den 9. Dezember steet er\u00ebm den traditionelle Wanterconcert vun der Sch\u00ebfflenger Musek un, an d\u00ebst Joer \u00ebnnert ganz besonnesche Virzeechen &#8211; D\u2019HMS kritt n\u00e4mlech 110 Joer. \ud83c\udf82 Fir d\u00ebst ze feieren hunn eng ganz Rei Musikanten aus eisen eege Reien sech bereet erkl\u00e4ert fir op d\u00ebsem speziellen Owend Solo\u2018en ze spillen. \ud83c\udfbc\ud83c\udfba Heiraus entstanen ass [&hellip;]<\/p>\n","protected":false},"author":1,"featured_media":0,"parent":0,"menu_order":0,"comment_status":"closed","ping_status":"closed","template":"","meta":{"footnotes":""},"class_list":["post-319","page","type-page","status-publish","hentry","post-preview"],"_links":{"self":[{"href":"https:\/\/www.schefflengermusek.lu\/index.php?rest_route=\/wp\/v2\/pages\/319","targetHints":{"allow":["GET"]}}],"collection":[{"href":"https:\/\/www.schefflengermusek.lu\/index.php?rest_route=\/wp\/v2\/pages"}],"about":[{"href":"https:\/\/www.schefflengermusek.lu\/index.php?rest_route=\/wp\/v2\/types\/page"}],"author":[{"embeddable":true,"href":"https:\/\/www.schefflengermusek.lu\/index.php?rest_route=\/wp\/v2\/users\/1"}],"replies":[{"embeddable":true,"href":"https:\/\/www.schefflengermusek.lu\/index.php?rest_route=%2Fwp%2Fv2%2Fcomments&post=319"}],"version-history":[{"count":3,"href":"https:\/\/www.schefflengermusek.lu\/index.php?rest_route=\/wp\/v2\/pages\/319\/revisions"}],"predecessor-version":[{"id":432,"href":"https:\/\/www.schefflengermusek.lu\/index.php?rest_route=\/wp\/v2\/pages\/319\/revisions\/432"}],"wp:attachment":[{"href":"https:\/\/www.schefflengermusek.lu\/index.php?rest_route=%2Fwp%2Fv2%2Fmedia&parent=319"}],"curies":[{"name":"wp","href":"https:\/\/api.w.org\/{rel}","templated":true}]}}