{"id":328,"date":"2023-09-13T20:49:26","date_gmt":"2023-09-13T18:49:26","guid":{"rendered":"https:\/\/www.schefflengermusek.lu\/?page_id=328"},"modified":"2023-09-26T14:44:29","modified_gmt":"2023-09-26T12:44:29","slug":"memberskaart-info","status":"publish","type":"page","link":"https:\/\/www.schefflengermusek.lu\/?page_id=328","title":{"rendered":"Memberskaart &#8211; Info"},"content":{"rendered":"\n<p>Dir gen\u00e9isst Musek awer hutt keng Z\u00e4it fir an engem Orchester matzespillen oder gesitt \u00e4r Noperen fortlafen an hir F\u00ebnster zoumaachen wann Dir prob\u00e9iert DO RE MI FA SOL LA SI DO op \u00e4rem Instrument ze spillen?<\/p>\n\n\n\n<p>Suergt Iech net! D\u2019Sch\u00ebfflenger Musek huet d\u00e9i perfekt L\u00e9isung fir Iech!<\/p>\n\n\n\n<p>Mir hunn eppes wat sech eng Memberskaart nennt. Andeems Dir eis Memberskaart kaaft, k\u00ebnnt Dir eis \u00ebnnerst\u00ebtzen, fir datt mir sch\u00e9i Musek fir \u00e4r Oueren spillen k\u00ebnnen.<\/p>\n\n\n\n<p>Andeems Dir e b\u00ebssen b\u00e4idrot, h\u00eblleft Dir eis immens.<\/p>\n\n\n\n<p><strong>Fir Museksfans : <\/strong><br>Memberskaart 10 \u20ac<br><br><strong>Fir Museksfans a Foodies : <\/strong><br>VIP Memberskaart 50 \u20ac, Avantagen : 1 Iessen an 1 Gedr\u00e9nks gratis op eise Galaconcerten<\/p>\n\n\n\n<p class=\"has-text-align-center\">*****<\/p>\n\n\n\n<p>Enjoying music but don&#8217;t have time to join an orchestra or seeing your neighbors running away and closing their windows when you try to play DO RE MI FA SOL LA SI DO on your instrument?<\/p>\n\n\n\n<p>Don&#8217;t worry, Sch\u00ebfflenger Musek has the perfect solution for you!<\/p>\n\n\n\n<p>We have something that\u2019s called a membership card. By buying our HMS membership card, you can support us, so that we can play beautiful music for your ears!<\/p>\n\n\n\n<p>By contributing a little, you will help us a lot.<\/p>\n\n\n\n<p><strong>For music fans only :<\/strong><br>Membership card 10\u20ac<\/p>\n\n\n\n<p><strong>For music fans and foodies :<\/strong><br>VIP Membership card 50\u20ac<br>Benefits : one free meal and one free drink at our gala concerts<\/p>\n\n\n\n<p><\/p>\n","protected":false},"excerpt":{"rendered":"<p>Dir gen\u00e9isst Musek awer hutt keng Z\u00e4it fir an engem Orchester matzespillen oder gesitt \u00e4r Noperen fortlafen an hir F\u00ebnster zoumaachen wann Dir prob\u00e9iert DO RE MI FA SOL LA SI DO op \u00e4rem Instrument ze spillen? Suergt Iech net! D\u2019Sch\u00ebfflenger Musek huet d\u00e9i perfekt L\u00e9isung fir Iech! Mir hunn eppes wat sech eng Memberskaart [&hellip;]<\/p>\n","protected":false},"author":1,"featured_media":0,"parent":0,"menu_order":0,"comment_status":"closed","ping_status":"closed","template":"","meta":{"footnotes":""},"class_list":["post-328","page","type-page","status-publish","hentry","post-preview"],"_links":{"self":[{"href":"https:\/\/www.schefflengermusek.lu\/index.php?rest_route=\/wp\/v2\/pages\/328","targetHints":{"allow":["GET"]}}],"collection":[{"href":"https:\/\/www.schefflengermusek.lu\/index.php?rest_route=\/wp\/v2\/pages"}],"about":[{"href":"https:\/\/www.schefflengermusek.lu\/index.php?rest_route=\/wp\/v2\/types\/page"}],"author":[{"embeddable":true,"href":"https:\/\/www.schefflengermusek.lu\/index.php?rest_route=\/wp\/v2\/users\/1"}],"replies":[{"embeddable":true,"href":"https:\/\/www.schefflengermusek.lu\/index.php?rest_route=%2Fwp%2Fv2%2Fcomments&post=328"}],"version-history":[{"count":5,"href":"https:\/\/www.schefflengermusek.lu\/index.php?rest_route=\/wp\/v2\/pages\/328\/revisions"}],"predecessor-version":[{"id":386,"href":"https:\/\/www.schefflengermusek.lu\/index.php?rest_route=\/wp\/v2\/pages\/328\/revisions\/386"}],"wp:attachment":[{"href":"https:\/\/www.schefflengermusek.lu\/index.php?rest_route=%2Fwp%2Fv2%2Fmedia&parent=328"}],"curies":[{"name":"wp","href":"https:\/\/api.w.org\/{rel}","templated":true}]}}