{"id":379,"date":"2023-09-26T14:35:59","date_gmt":"2023-09-26T12:35:59","guid":{"rendered":"https:\/\/www.schefflengermusek.lu\/?page_id=379"},"modified":"2024-03-13T14:48:37","modified_gmt":"2024-03-13T13:48:37","slug":"eisen-dirigent","status":"publish","type":"page","link":"https:\/\/www.schefflengermusek.lu\/?page_id=379","title":{"rendered":"Eisen Dirigent"},"content":{"rendered":"\n<p class=\"has-text-align-center\">Eric Gherardi<\/p>\n\n\n\n<figure class=\"wp-block-image size-large\"><img loading=\"lazy\" decoding=\"async\" width=\"682\" height=\"1024\" src=\"https:\/\/www.schefflengermusek.lu\/wp-content\/uploads\/2024\/03\/Eric-682x1024.jpg\" alt=\"\" class=\"wp-image-460\" srcset=\"https:\/\/www.schefflengermusek.lu\/wp-content\/uploads\/2024\/03\/Eric-682x1024.jpg 682w, https:\/\/www.schefflengermusek.lu\/wp-content\/uploads\/2024\/03\/Eric-200x300.jpg 200w, https:\/\/www.schefflengermusek.lu\/wp-content\/uploads\/2024\/03\/Eric-768x1152.jpg 768w, https:\/\/www.schefflengermusek.lu\/wp-content\/uploads\/2024\/03\/Eric-1024x1536.jpg 1024w, https:\/\/www.schefflengermusek.lu\/wp-content\/uploads\/2024\/03\/Eric-1365x2048.jpg 1365w, https:\/\/www.schefflengermusek.lu\/wp-content\/uploads\/2024\/03\/Eric-676x1014.jpg 676w, https:\/\/www.schefflengermusek.lu\/wp-content\/uploads\/2024\/03\/Eric.jpg 1632w\" sizes=\"auto, (max-width: 682px) 100vw, 682px\" \/><\/figure>\n\n\n\n<p class=\"has-text-align-center\"><strong>About me <\/strong><\/p>\n\n\n\n<p class=\"has-text-align-left\">M\u00e4in Numm ass Eric, zu Sch\u00ebffleng opgewuess a vu Kand un musekbegeeschtert. Meng Carri\u00e8re huet am Escher Conservatoire beim Serge Kettenmeyer ugefaangen, iert ech op Maastricht bei \u00ebnner aneren de Pieter Janssen an de Raymond Curfs Percussioun mat Fokus op Orchester a Pedagogie stud\u00e9iere gaange sinn. Duerno huet et mech nees zr\u00e9ck op Esch gefouert wou ech an der Direktiounsklass vum Jean-Claude Braun momentan den dipl\u00f4me sup\u00e9rieur an der Orchesterdirektioun viirbereeden.<\/p>\n\n\n\n<p class=\"has-text-align-center\"><strong>Wisou ech Musek g\u00e4r hunn<\/strong><\/p>\n\n\n\n<p>Musek ass d\u00e9i eenzeg Sprooch d\u00e9i weltw\u00e4it verstane g\u00ebtt. Musek verb\u00ebnnt, mecht<br>Freed a kann heelen. Musek beaflosst esou Villes, vun der gudder Laun am<br>Supermarch\u00e9 bis zum Suspense am Horrorfilm, vum Spaass an der Disko bis zu<br>der klenger Tr\u00e9in an der Philharmonie. Mech begleed d&#8217;Musek iwwerall, an ech si<br>frou, dass ech d\u00e9i Passioun zu mengem Beruff konnt maachen.<\/p>\n\n\n\n<p class=\"has-text-align-center\"><strong>D\u00e9i onvergiesslechst Musekserfahrung<\/strong><\/p>\n\n\n\n<p>M\u00e4in Dram, Orchestermuseker ze ginn, konnt ech leider ni zu 100% erf\u00ebllen, an<br>awer hunn ech an Orchesteren w\u00e9i dem European Union Youth Orchestra, dem<br>Ljubljana International Orchestra, an de L\u00ebtzebuerger Philharmoniker ganz vill<br>wonnersch\u00e9i musikalesch Momenter erlieft. Virun Allem vun deene ville<br>fantastesche B\u00fchnen d\u00e9i ech schon dierft besichen hunn ech eemoleg a w\u00e4ertvoll<br>Er\u00ebnnerungen, sou zum Beispill aus dem Palau de la Musica zu Barcelona, dem<br>Teatro la Fenice zu Venedeg, an der Philharmonie zu Berlin.<\/p>\n\n\n\n<p class=\"has-text-align-center\"><br><strong>Lieblingskomponist<\/strong><\/p>\n\n\n\n<p>Ech kann a wollt mech nach ni festlee\u00ebn op e Lieblings-Komponist oder Lieblings-Stil. All Komponist huet seng besonneg Elementer a l\u00e9ist ganz ennerschiddlech<br>Emotiounen aus beim Lauschteren. Sou dreemen ech zum Beispill g\u00e4r mam<br>Maurice Ravel, oder loosse mech vum Sound vum Gustav Mahler beandrocken,<br>oder awer loossen mech vun de Kl\u00e4ng vun enger Beethoven Symphonie mat op<br>d &#8218;Rees huelen. Och vu Filmmusek sinn ech ganz begeeschtert an et faszin\u00e9iert<br>mech \u00ebmmer nees, w\u00e9i den Danny Elfman mat senger skurriler Musek esou<br>besonneg Athmosph\u00e4re kre\u00e9iere kann, oder w\u00e9i de Michael Giacchino esou staark<br>Emotiounen erviirruffe kann. Zu gudder Lescht sinn ech als Dirigent vun enger<br>Harmonie natierlech och den aktuellen Harmonie, Fanfare oder Brass Band<br>Komponisten op der Spuer, an do sinn et \u00ebnnert villen aneren Leit w\u00e9i den Otto M.<br>Schwarz, Philip Sparke an Thomas Doss d\u00e9i mech begeeschteren.<\/p>\n\n\n\n<p class=\"has-text-align-center\"><strong>Guilty Pleasure<\/strong><\/p>\n\n\n\n<p>Ech kann net Nee soen, soudass ech an eng Hellewull vu flotten Evenementer&nbsp;erageroden. Et ass \u00ebmmer nees eng Ber\u00e4icherung fir un deene verschiddenste Projete mat deene verschiddenste Leit ze schaffen, an och wann dat m\u00e4i Liewen heiansdo zimmlech chaotesch m\u00e9cht, w\u00e9ilt ech awer kee Musical, Kannerconcert, Perkussiouns-Ensembel, Brass Band Concert, Studio-Projet a wat et soss alles nach g\u00ebtt verpassen.<\/p>\n\n\n\n<p class=\"has-text-align-center\"><strong>Firwat ech Dirigent ginn sinn<\/strong><\/p>\n\n\n\n<p>Musek selwer Spillen ass eng Saach. Musek am Moment vun der Kreatioun ze<br>beaflossen, pol\u00e9ieren, formen, dekor\u00e9ieren, op en neie Level erophiewen, dat ass<br>nach emol eng ganz aner Dimensioun, an d\u00e9i fannen ech onheemlech interessant a<br>sinn dofir amgaangen d\u00e9i ze erfuerschen a l\u00e9ieren all Dag nach b\u00e4i.<\/p>\n\n\n\n<p class=\"has-text-align-center\"><strong>Wisou ech HMS\/JMS dirig\u00e9ieren<\/strong><\/p>\n\n\n\n<p>D\u2019Sch\u00ebfflenger Musek war schonn \u00ebmmer present a menger Famill. M\u00e4i Bopa,<br>Hansen\u2019s Jhang, huet selwer Klarinett do gespillt a vill am Ver\u00e4insliewe<br>matgewierkt. D\u2019Erfarungen aus der Jugendmusek, a sp\u00e9ider och am groussen<br>Orchester hu mer \u00ebmmer nees weidergehollef op mengem Wee zum<br>professionelle Museker. D\u00e9i w\u00e4ertvoll Rotschl\u00e9i vun eiser Jugend-Dirigentin, dem<br>Martine Weinachter a mengem Virg\u00e4nger, dem Claus Demmer w\u00e4ert ech ni<br>vergiessen. Ouni hiert Vertrauen an d\u2019\u00cbnnerst\u00ebtzung vum Orchester fir mech<br>d\u2019Orchesterdirektioun ausprob\u00e9ieren ze loossen, wier ech ni do ukomm wou ech<br>haut sinn. Dann ass et fir mech n\u00ebmmen normal dass ech alles dat wat ech kritt<br>hunn, d\u00ebsem wonnerbare Ver\u00e4in zr\u00e9ckginn andeems ech m\u00e4in allerbescht<br>maache fir eis musikalesch esou gutt et geet weider ze entw\u00e9ckelen, a flott a<br>popul\u00e4r Projeten ze maachen. Et ass en Dram&nbsp;deen an Erf\u00ebllung gaangen ass an<br>eng immens \u00c9ier, fir haut virun deem Orchester ze stoen, an deem ech opgewuesssinn a vill vu mengen allerbeschte Fr\u00ebnn kennegel\u00e9iert hunn.&nbsp;<\/p>\n","protected":false},"excerpt":{"rendered":"<p>Eric Gherardi About me M\u00e4in Numm ass Eric, zu Sch\u00ebffleng opgewuess a vu Kand un musekbegeeschtert. Meng Carri\u00e8re huet am Escher Conservatoire beim Serge Kettenmeyer ugefaangen, iert ech op Maastricht bei \u00ebnner aneren de Pieter Janssen an de Raymond Curfs Percussioun mat Fokus op Orchester a Pedagogie stud\u00e9iere gaange sinn. Duerno huet et mech nees [&hellip;]<\/p>\n","protected":false},"author":1,"featured_media":0,"parent":0,"menu_order":0,"comment_status":"closed","ping_status":"closed","template":"","meta":{"footnotes":""},"class_list":["post-379","page","type-page","status-publish","hentry","post-preview"],"_links":{"self":[{"href":"https:\/\/www.schefflengermusek.lu\/index.php?rest_route=\/wp\/v2\/pages\/379","targetHints":{"allow":["GET"]}}],"collection":[{"href":"https:\/\/www.schefflengermusek.lu\/index.php?rest_route=\/wp\/v2\/pages"}],"about":[{"href":"https:\/\/www.schefflengermusek.lu\/index.php?rest_route=\/wp\/v2\/types\/page"}],"author":[{"embeddable":true,"href":"https:\/\/www.schefflengermusek.lu\/index.php?rest_route=\/wp\/v2\/users\/1"}],"replies":[{"embeddable":true,"href":"https:\/\/www.schefflengermusek.lu\/index.php?rest_route=%2Fwp%2Fv2%2Fcomments&post=379"}],"version-history":[{"count":9,"href":"https:\/\/www.schefflengermusek.lu\/index.php?rest_route=\/wp\/v2\/pages\/379\/revisions"}],"predecessor-version":[{"id":461,"href":"https:\/\/www.schefflengermusek.lu\/index.php?rest_route=\/wp\/v2\/pages\/379\/revisions\/461"}],"wp:attachment":[{"href":"https:\/\/www.schefflengermusek.lu\/index.php?rest_route=%2Fwp%2Fv2%2Fmedia&parent=379"}],"curies":[{"name":"wp","href":"https:\/\/api.w.org\/{rel}","templated":true}]}}