{"id":6,"date":"2019-06-30T19:10:12","date_gmt":"2019-06-30T17:10:12","guid":{"rendered":"http:\/\/192.168.178.69\/wordpress\/?page_id=6"},"modified":"2022-10-12T23:11:09","modified_gmt":"2022-10-12T21:11:09","slug":"den-orchester","status":"publish","type":"page","link":"https:\/\/www.schefflengermusek.lu\/?page_id=6","title":{"rendered":"Eis Musek"},"content":{"rendered":"\n<p class=\"has-drop-cap\" style=\"font-size:20px\">D\u2019Sch\u00ebfflenger Musek ass en dynamesche Ver\u00e4in, deen op eng laang Geschicht am Sch\u00ebfflenger Kulturliewen zer\u00e9ck kuckt. S\u00e4it 1913 schon ass d\u2019Sch\u00ebfflengerMusek net m\u00e9i aus dem Sch\u00ebfflenger Liewen ewech ze denken. Zu de Missioune vun der Harmonie Municipale geh\u00e9iert et Aktivit\u00e9iten am Sch\u00ebfflenger Gemengewiese musikalesch ze encadr\u00e9ieren, awer och dem Sch\u00ebfflenger Publikum reegelm\u00e9isseg flott an innovativ Concerten ze present\u00e9ieren.<\/p>\n\n\n\n<p style=\"font-size:20px\">D\u2019Sch\u00ebfflenger Musek verfollegt an hirer Aarbecht drei grouss Pilieren: Traditioun, Entw\u00e9cklung &amp; Nohaltegkeet.<\/p>\n\n\n\n<p style=\"font-size:20px\">\u2022 An eisem Schaffe spillt esouwuel eis eegen Traditioun, genau esouw\u00e9i Traditiounen am Gemengewiesen, eng zentral Roll. Allerd\u00e9ngs ass et eis en Uleies Traditiounen \u00ebmmer er\u00ebm an en aktuelle Kontext ze s\u00ebtzen, well just esou kann Traditioun Kontinuit\u00e9it hunn.<\/p>\n\n\n\n<p style=\"font-size:20px\">\u2022 Eis ass et wichteg permanent an engem Entw\u00e9cklungsprozess dran ze sinn. D\u00ebst Ziel verfollege mir esou wuel um musikalesche Plang, w\u00e9i och um Niveau vun eise Concert-Konzepter. Esouwuel iwwert musikalesch Qualit\u00e9it w\u00e9i och iwwert innovativ Konzepter w\u00eblle mir eis Concerten der Z\u00e4it upassen an d\u2019Sch\u00ebfflenger Musek iwwert d\u2019Grenze vu Sch\u00ebffleng bekannt maachen.<\/p>\n\n\n\n<p style=\"font-size:20px\">\u2022 D\u2019Sch\u00ebfflenger Musek kuckt op eng laang Vergaangenheet zer\u00e9ck, w\u00ebll awer och op eng laang Zukunft hoffen. Aus d\u00ebsem Grond g\u00ebtt d\u2019Nohaltegkeet am Ver\u00e4in grouss geschriwwen. Matt vill Asaz bei der Jugendaarbecht stellt d\u2019Sch\u00ebfflenger Musek s\u00e9cher, datt jonk (an och manner jonk) Musikanten de Wee bei den Orchester fannen, sech musikalesch entw\u00e9ckelen an datt \u00ebmmer er\u00ebm neie Wand an de Ver\u00e4in era k\u00ebnnt.<\/p>\n","protected":false},"excerpt":{"rendered":"<p>D\u2019Sch\u00ebfflenger Musek ass en dynamesche Ver\u00e4in, deen op eng laang Geschicht am Sch\u00ebfflenger Kulturliewen zer\u00e9ck kuckt. S\u00e4it 1913 schon ass d\u2019Sch\u00ebfflengerMusek net m\u00e9i aus dem Sch\u00ebfflenger Liewen ewech ze denken. Zu de Missioune vun der Harmonie Municipale geh\u00e9iert et Aktivit\u00e9iten am Sch\u00ebfflenger Gemengewiese musikalesch ze encadr\u00e9ieren, awer och dem Sch\u00ebfflenger Publikum reegelm\u00e9isseg flott an innovativ [&hellip;]<\/p>\n","protected":false},"author":1,"featured_media":0,"parent":0,"menu_order":0,"comment_status":"closed","ping_status":"closed","template":"","meta":{"footnotes":""},"class_list":["post-6","page","type-page","status-publish","hentry","post-preview"],"_links":{"self":[{"href":"https:\/\/www.schefflengermusek.lu\/index.php?rest_route=\/wp\/v2\/pages\/6","targetHints":{"allow":["GET"]}}],"collection":[{"href":"https:\/\/www.schefflengermusek.lu\/index.php?rest_route=\/wp\/v2\/pages"}],"about":[{"href":"https:\/\/www.schefflengermusek.lu\/index.php?rest_route=\/wp\/v2\/types\/page"}],"author":[{"embeddable":true,"href":"https:\/\/www.schefflengermusek.lu\/index.php?rest_route=\/wp\/v2\/users\/1"}],"replies":[{"embeddable":true,"href":"https:\/\/www.schefflengermusek.lu\/index.php?rest_route=%2Fwp%2Fv2%2Fcomments&post=6"}],"version-history":[{"count":18,"href":"https:\/\/www.schefflengermusek.lu\/index.php?rest_route=\/wp\/v2\/pages\/6\/revisions"}],"predecessor-version":[{"id":242,"href":"https:\/\/www.schefflengermusek.lu\/index.php?rest_route=\/wp\/v2\/pages\/6\/revisions\/242"}],"wp:attachment":[{"href":"https:\/\/www.schefflengermusek.lu\/index.php?rest_route=%2Fwp%2Fv2%2Fmedia&parent=6"}],"curies":[{"name":"wp","href":"https:\/\/api.w.org\/{rel}","templated":true}]}}